{"id":261,"date":"2016-11-10T15:42:51","date_gmt":"2016-11-10T15:42:51","guid":{"rendered":"https:\/\/oceanwp.org\/architect\/?page_id=261"},"modified":"2024-06-28T21:57:42","modified_gmt":"2024-06-28T19:57:42","slug":"work","status":"publish","type":"page","link":"https:\/\/skynex.pl\/?page_id=261","title":{"rendered":"Rozwi\u0105zania"},"content":{"rendered":"\t\t<div data-elementor-type=\"wp-page\" data-elementor-id=\"261\" class=\"elementor elementor-261\">\n\t\t\t\t\t\t<section class=\"elementor-section elementor-top-section elementor-element elementor-element-38b9fe4 elementor-section-boxed elementor-section-height-default elementor-section-height-default\" data-id=\"38b9fe4\" data-element_type=\"section\">\n\t\t\t\t\t\t<div class=\"elementor-container elementor-column-gap-default\">\n\t\t\t\t\t<div class=\"elementor-column elementor-col-100 elementor-top-column elementor-element elementor-element-687ff25\" data-id=\"687ff25\" data-element_type=\"column\">\n\t\t\t<div class=\"elementor-widget-wrap elementor-element-populated\">\n\t\t\t\t\t\t<div class=\"elementor-element elementor-element-b16a002 elementor-widget elementor-widget-image\" data-id=\"b16a002\" data-element_type=\"widget\" data-widget_type=\"image.default\">\n\t\t\t\t<div class=\"elementor-widget-container\">\n\t\t\t\t\t\t\t\t\t\t\t\t\t<img fetchpriority=\"high\" decoding=\"async\" width=\"1024\" height=\"493\" src=\"https:\/\/wordpress2510520.home.pl\/autoinstalator\/wordpresspluslscache\/wp-content\/uploads\/2020\/12\/turn-on-2933016_1920-1-1024x493.jpg\" class=\"attachment-large size-large wp-image-403\" alt=\"\" srcset=\"https:\/\/wordpress2510520.home.pl\/autoinstalator\/wordpresspluslscache\/wp-content\/uploads\/2020\/12\/turn-on-2933016_1920-1-1024x493.jpg 1024w, https:\/\/wordpress2510520.home.pl\/autoinstalator\/wordpresspluslscache\/wp-content\/uploads\/2020\/12\/turn-on-2933016_1920-1-300x144.jpg 300w, https:\/\/wordpress2510520.home.pl\/autoinstalator\/wordpresspluslscache\/wp-content\/uploads\/2020\/12\/turn-on-2933016_1920-1-768x370.jpg 768w, https:\/\/wordpress2510520.home.pl\/autoinstalator\/wordpresspluslscache\/wp-content\/uploads\/2020\/12\/turn-on-2933016_1920-1-1536x739.jpg 1536w, https:\/\/wordpress2510520.home.pl\/autoinstalator\/wordpresspluslscache\/wp-content\/uploads\/2020\/12\/turn-on-2933016_1920-1.jpg 1920w\" sizes=\"(max-width: 1024px) 100vw, 1024px\" \/>\t\t\t\t\t\t\t\t\t\t\t\t\t<\/div>\n\t\t\t\t<\/div>\n\t\t\t\t<div class=\"elementor-element elementor-element-cfaac73 elementor-tabs-view-vertical elementor-widget elementor-widget-tabs\" data-id=\"cfaac73\" data-element_type=\"widget\" data-widget_type=\"tabs.default\">\n\t\t\t\t<div class=\"elementor-widget-container\">\n\t\t\t\t\t<div class=\"elementor-tabs\">\n\t\t\t<div class=\"elementor-tabs-wrapper\" role=\"tablist\" >\n\t\t\t\t\t\t\t\t\t<div id=\"elementor-tab-title-2171\" class=\"elementor-tab-title elementor-tab-desktop-title\" aria-selected=\"true\" data-tab=\"1\" role=\"tab\" tabindex=\"0\" aria-controls=\"elementor-tab-content-2171\" aria-expanded=\"false\">Dla rz\u0105d\u00f3w <\/div>\n\t\t\t\t\t\t\t\t\t<div id=\"elementor-tab-title-2172\" class=\"elementor-tab-title elementor-tab-desktop-title\" aria-selected=\"false\" data-tab=\"2\" role=\"tab\" tabindex=\"-1\" aria-controls=\"elementor-tab-content-2172\" aria-expanded=\"false\">Dla producent\u00f3w i importer\u00f3w paliw<\/div>\n\t\t\t\t\t\t\t\t\t<div id=\"elementor-tab-title-2173\" class=\"elementor-tab-title elementor-tab-desktop-title\" aria-selected=\"false\" data-tab=\"3\" role=\"tab\" tabindex=\"-1\" aria-controls=\"elementor-tab-content-2173\" aria-expanded=\"false\">Medycyna<\/div>\n\t\t\t\t\t\t\t\t\t<div id=\"elementor-tab-title-2174\" class=\"elementor-tab-title elementor-tab-desktop-title\" aria-selected=\"false\" data-tab=\"4\" role=\"tab\" tabindex=\"-1\" aria-controls=\"elementor-tab-content-2174\" aria-expanded=\"false\">Dla Biznesu<\/div>\n\t\t\t\t\t\t\t<\/div>\n\t\t\t<div class=\"elementor-tabs-content-wrapper\" role=\"tablist\" aria-orientation=\"vertical\">\n\t\t\t\t\t\t\t\t\t<div class=\"elementor-tab-title elementor-tab-mobile-title\" aria-selected=\"true\" data-tab=\"1\" role=\"tab\" tabindex=\"0\" aria-controls=\"elementor-tab-content-2171\" aria-expanded=\"false\">Dla rz\u0105d\u00f3w <\/div>\n\t\t\t\t\t<div id=\"elementor-tab-content-2171\" class=\"elementor-tab-content elementor-clearfix\" data-tab=\"1\" role=\"tabpanel\" aria-labelledby=\"elementor-tab-title-2171\" tabindex=\"0\" hidden=\"false\"><p><strong>Rozwi\u0105zania <\/strong><\/p><ul><li>W zakresie <strong>zabezpieczenia przychod\u00f3w podatkowych<\/strong>,<\/li><li>\u00a0Wspomagaj\u0105ce <strong>walk\u0119 z szar\u0105 stref\u0105<\/strong><\/li><li>Zwi\u0119kszaj\u0105ce widoczno\u015b\u0107 rynku\u00a0 i <strong>kontrol\u0119 obrot\u00f3w kluczowych wyrob\u00f3w<\/strong>, w tym <strong>akcyzowych<\/strong>, <strong>alkoholu, papieros\u00f3w i paliw<\/strong>, ale tez cukru i innych.<\/li><li>Zintegrowane <strong>systemy monitorowania i \u015bledzenia produkt\u00f3w<\/strong>. (<strong>T&amp;T<\/strong>)<\/li><\/ul><div>\u00a0<\/div><div>\u00a0<\/div><div>\u00a0<\/div><div>\u00a0<\/div><div>\u00a0<\/div><div>\u00a0<\/div><div>\u00a0<\/div><div>\u00a0<\/div><div>\u00a0<\/div><div>\u00a0<\/div><\/div>\n\t\t\t\t\t\t\t\t\t<div class=\"elementor-tab-title elementor-tab-mobile-title\" aria-selected=\"false\" data-tab=\"2\" role=\"tab\" tabindex=\"-1\" aria-controls=\"elementor-tab-content-2172\" aria-expanded=\"false\">Dla producent\u00f3w i importer\u00f3w paliw<\/div>\n\t\t\t\t\t<div id=\"elementor-tab-content-2172\" class=\"elementor-tab-content elementor-clearfix\" data-tab=\"2\" role=\"tabpanel\" aria-labelledby=\"elementor-tab-title-2172\" tabindex=\"0\" hidden=\"hidden\"><div>&nbsp;<\/div>\n<ul>\n<li><strong style=\"font-size: 15px; background-color: rgba(248, 244, 244, 0);\">Wzmocnienie wizerunku<\/strong><span style=\"font-size: 15px; background-color: rgba(248, 244, 244, 0);\"> producent\u00f3w i importer\u00f3w paliwa i <\/span><strong style=\"font-size: 15px; background-color: rgba(248, 244, 244, 0);\">ochrony marki<\/strong><span style=\"font-size: 15px; background-color: rgba(248, 244, 244, 0);\">&nbsp;&nbsp;<\/span><\/li>\n<li><strong>Poprawa \u017cywotno\u015bci pojazd\u00f3w<\/strong>, a co za tym idzie <strong>zadowolenia klient\u00f3w<\/strong>.<\/li>\n<li><strong>Promocja uczciwej konkurencji<\/strong>, ograniczenie przemytu, fa\u0142szowania, przekierowania i mieszania produkt\u00f3w.<\/li>\n<li>SYNERGIA: Zwi\u0119kszenie ilo\u015bci kontroli&nbsp; stacji i przewoz\u00f3w przy jednoczesnym zmniejszeniu koszt\u00f3w,&nbsp; wymaga\u0144 na ilo\u015b\u0107&nbsp; personelu i zasoby. <strong>Zmniejszenie CAPEX i OPEX<\/strong><\/li>\n<li>\n<p><b>Zwi\u0119kszenia wp\u0142yw\u00f3w<\/b> w wyniku <b>ograniczenia <\/b><b>oszustw.&nbsp; <\/b><\/p>\n<\/li>\n<li>\n<p><b><\/b><b><strong>Kontrola zapewnienia udzia\u0142u w\u0142a\u015bciwych biopaliw<\/strong> i <strong>zgodno\u015bci z wymaganiami Dyrektywy RED II<\/strong><\/b><\/p>\n<\/li>\n<li>\n<p><b><\/b><strong>Wyeliminowanie niskiej jako\u015bci nielegalnie wprowadzonych na rynek paliw<\/strong> i domieszek<\/p>\n<\/li>\n<li>\n<p><b><strong>Platforma informatyczna zarz\u0105dzania<\/strong>&nbsp;<\/b><\/p>\n<\/li>\n<li>\n<p><b><\/b><span style=\"font-variant-ligatures: normal; font-variant-caps: normal; font-family: Lato; font-size: 15px; font-style: normal; font-weight: 600; background-color: rgba(248, 244, 244, 0);\">Program znakowania paliw<\/span><span style=\"font-variant-ligatures: normal; font-variant-caps: normal; font-family: Lato; font-size: 15px; font-style: normal; font-weight: 600; background-color: rgba(248, 244, 244, 0);\"><br><\/span><\/p>\n<\/li>\n<\/ul><\/div>\n\t\t\t\t\t\t\t\t\t<div class=\"elementor-tab-title elementor-tab-mobile-title\" aria-selected=\"false\" data-tab=\"3\" role=\"tab\" tabindex=\"-1\" aria-controls=\"elementor-tab-content-2173\" aria-expanded=\"false\">Medycyna<\/div>\n\t\t\t\t\t<div id=\"elementor-tab-content-2173\" class=\"elementor-tab-content elementor-clearfix\" data-tab=\"3\" role=\"tabpanel\" aria-labelledby=\"elementor-tab-title-2173\" tabindex=\"0\" hidden=\"hidden\"><p>Wsparcie w zakresie <strong>wsp\u00f3\u0142pracy z uniwersytetami<\/strong> i specjalistami w zakresie <strong>chor\u00f3b metabolicz<\/strong><span style=\"font-size: 15px; background-color: rgba(248, 244, 244, 0);\"><strong>nych<\/strong>.<\/span><\/p><p><strong>Organizacja Zespo\u0142\u00f3w Doradczych<\/strong> dla korporacji i\u00a0 producent\u00f3w lek\u00f3w i produkt\u00f3w medycznych <strong>w zakresie rzadkich chor\u00f3b metabolicznych<\/strong>,\u00a0 jak <strong>PKU<\/strong>.<\/p><p><span style=\"font-size: 15px; background-color: rgba(248, 244, 244, 0);\"><strong>Szkolenia manager\u00f3w medycznych (PKU)<\/strong> w zakresie wymaga\u0144 UE i rynku produkt\u00f3w.<\/span><\/p><p>Organizacja <strong>screeningu rzadkich chor\u00f3b metabolicznych<\/strong> na poziomie pa\u0144stw.\u00a0<\/p><\/div>\n\t\t\t\t\t\t\t\t\t<div class=\"elementor-tab-title elementor-tab-mobile-title\" aria-selected=\"false\" data-tab=\"4\" role=\"tab\" tabindex=\"-1\" aria-controls=\"elementor-tab-content-2174\" aria-expanded=\"false\">Dla Biznesu<\/div>\n\t\t\t\t\t<div id=\"elementor-tab-content-2174\" class=\"elementor-tab-content elementor-clearfix\" data-tab=\"4\" role=\"tabpanel\" aria-labelledby=\"elementor-tab-title-2174\" tabindex=\"0\" hidden=\"hidden\"><p><strong>Analizy ekonomiczne i finansowe<\/strong>:<\/p>\n<p class=\"MsoNormal\" style=\"margin-left: 54.0pt; text-align: justify; text-indent: -18.0pt; mso-pagination: none; mso-list: l0 level3 lfo1; mso-hyphenate: none; tab-stops: -72.0pt 36.0pt;\"><!-- [if !supportLists]-->i)<span style=\"font: 7.0pt 'Times New Roman';\">&nbsp; &nbsp;<\/span>Wsparcie przy <strong>opracowaniu modelu finansowego dzia\u0142alno\u015bci firmy&nbsp;<\/strong> i poszczeg\u00f3lnych element\u00f3w:&nbsp; &nbsp;produkcji , sprzeda\u017cy, us\u0142ug ,&#8230;&nbsp;<\/p>\n<p class=\"MsoNormal\" style=\"margin-left: 54.0pt; text-align: justify; text-indent: -18.0pt; mso-pagination: none; mso-list: l0 level3 lfo1; mso-hyphenate: none; tab-stops: -72.0pt 36.0pt;\">ii)&nbsp; Wsparcie <strong>budowy modeli kosztowych<\/strong> i analiza<\/p>\n<p class=\"MsoNormal\" style=\"margin-left: 54.0pt; text-align: justify; text-indent: -18.0pt; mso-pagination: none; mso-list: l0 level3 lfo1; mso-hyphenate: none; tab-stops: -72.0pt 36.0pt;\"><!-- [if !supportLists]-->iii)<span style=\"font: 7.0pt 'Times New Roman';\">&nbsp;&nbsp; <\/span><!--[endif]-->Wsparcie przy <strong>opracowaniu uzasadnienia sprzeda\u017cy element\u00f3w maj\u0105tku&nbsp;<\/strong><\/p>\n<p class=\"MsoNormal\" style=\"margin-left: 54.0pt; text-align: justify; text-indent: -18.0pt; mso-pagination: none; mso-list: l0 level3 lfo1; mso-hyphenate: none; tab-stops: -72.0pt 36.0pt;\"><!-- [if !supportLists]-->iv)<span style=\"font: 7.0pt 'Times New Roman';\">&nbsp;&nbsp; <\/span><!--[endif]-->Wsparcie <strong>analizy inicjatyw biznesowych i plan\u00f3w usprawnie\u0144 taktycznych<\/strong><\/p>\n<p><\/p>\n<p><!-- [if !supportLists]-->&nbsp; &nbsp; &nbsp; &nbsp; &nbsp; &nbsp; &nbsp; &nbsp; &nbsp; v)<span style=\"font: 7.0pt 'Times New Roman';\">&nbsp;&nbsp;&nbsp;&nbsp;&nbsp; <\/span><!--[endif]-->Wsparcia w <strong>opracowaniu narz\u0119dzi i modeli ekonomicznych<\/strong> <strong>oraz finansowych&nbsp;<\/strong><\/p>\n<p><\/p><\/div>\n\t\t\t\t\t\t\t<\/div>\n\t\t<\/div>\n\t\t\t\t<\/div>\n\t\t\t\t<\/div>\n\t\t\t\t\t<\/div>\n\t\t<\/div>\n\t\t\t\t\t<\/div>\n\t\t<\/section>\n\t\t\t\t<\/div>\n\t\t","protected":false},"excerpt":{"rendered":"<p>Dla rz\u0105d\u00f3w Dla producent\u00f3w i importer\u00f3w paliw Medycyna Dla Biznesu Dla rz\u0105d\u00f3w Rozwi\u0105zania W zakresie zabezpieczenia przychod\u00f3w podatkowych, \u00a0Wspomagaj\u0105ce walk\u0119 z szar\u0105 stref\u0105 Zwi\u0119kszaj\u0105ce widoczno\u015b\u0107 rynku\u00a0 i kontrol\u0119 obrot\u00f3w kluczowych wyrob\u00f3w, w tym akcyzowych, alkoholu, papieros\u00f3w i paliw, ale tez cukru i innych. Zintegrowane systemy monitorowania i \u015bledzenia produkt\u00f3w. (T&amp;T) \u00a0\u00a0\u00a0\u00a0\u00a0\u00a0\u00a0\u00a0\u00a0\u00a0 Dla producent\u00f3w i importer\u00f3w [&hellip;]<\/p>\n","protected":false},"author":3,"featured_media":0,"parent":0,"menu_order":0,"comment_status":"closed","ping_status":"closed","template":"","meta":{"ocean_post_layout":"full-width","ocean_both_sidebars_style":"","ocean_both_sidebars_content_width":0,"ocean_both_sidebars_sidebars_width":0,"ocean_sidebar":"","ocean_second_sidebar":"","ocean_disable_margins":"enable","ocean_add_body_class":"","ocean_shortcode_before_top_bar":"","ocean_shortcode_after_top_bar":"","ocean_shortcode_before_header":"","ocean_shortcode_after_header":"","ocean_has_shortcode":"","ocean_shortcode_after_title":"","ocean_shortcode_before_footer_widgets":"","ocean_shortcode_after_footer_widgets":"","ocean_shortcode_before_footer_bottom":"","ocean_shortcode_after_footer_bottom":"","ocean_display_top_bar":"default","ocean_display_header":"default","ocean_header_style":"","ocean_center_header_left_menu":"","ocean_custom_header_template":"","ocean_custom_logo":0,"ocean_custom_retina_logo":0,"ocean_custom_logo_max_width":0,"ocean_custom_logo_tablet_max_width":0,"ocean_custom_logo_mobile_max_width":0,"ocean_custom_logo_max_height":0,"ocean_custom_logo_tablet_max_height":0,"ocean_custom_logo_mobile_max_height":0,"ocean_header_custom_menu":"","ocean_menu_typo_font_family":"","ocean_menu_typo_font_subset":"","ocean_menu_typo_font_size":0,"ocean_menu_typo_font_size_tablet":0,"ocean_menu_typo_font_size_mobile":0,"ocean_menu_typo_font_size_unit":"px","ocean_menu_typo_font_weight":"","ocean_menu_typo_font_weight_tablet":"","ocean_menu_typo_font_weight_mobile":"","ocean_menu_typo_transform":"","ocean_menu_typo_transform_tablet":"","ocean_menu_typo_transform_mobile":"","ocean_menu_typo_line_height":0,"ocean_menu_typo_line_height_tablet":0,"ocean_menu_typo_line_height_mobile":0,"ocean_menu_typo_line_height_unit":"","ocean_menu_typo_spacing":0,"ocean_menu_typo_spacing_tablet":0,"ocean_menu_typo_spacing_mobile":0,"ocean_menu_typo_spacing_unit":"","ocean_menu_link_color":"","ocean_menu_link_color_hover":"","ocean_menu_link_color_active":"","ocean_menu_link_background":"","ocean_menu_link_hover_background":"","ocean_menu_link_active_background":"","ocean_menu_social_links_bg":"","ocean_menu_social_hover_links_bg":"","ocean_menu_social_links_color":"","ocean_menu_social_hover_links_color":"","ocean_disable_title":"default","ocean_disable_heading":"default","ocean_post_title":"","ocean_post_subheading":"","ocean_post_title_style":"","ocean_post_title_background_color":"","ocean_post_title_background":0,"ocean_post_title_bg_image_position":"","ocean_post_title_bg_image_attachment":"","ocean_post_title_bg_image_repeat":"","ocean_post_title_bg_image_size":"","ocean_post_title_height":0,"ocean_post_title_bg_overlay":0.5,"ocean_post_title_bg_overlay_color":"","ocean_disable_breadcrumbs":"default","ocean_breadcrumbs_color":"","ocean_breadcrumbs_separator_color":"","ocean_breadcrumbs_links_color":"","ocean_breadcrumbs_links_hover_color":"","ocean_display_footer_widgets":"default","ocean_display_footer_bottom":"default","ocean_custom_footer_template":"","footnotes":""},"class_list":["post-261","page","type-page","status-publish","hentry","entry"],"_links":{"self":[{"href":"https:\/\/skynex.pl\/index.php?rest_route=\/wp\/v2\/pages\/261","targetHints":{"allow":["GET"]}}],"collection":[{"href":"https:\/\/skynex.pl\/index.php?rest_route=\/wp\/v2\/pages"}],"about":[{"href":"https:\/\/skynex.pl\/index.php?rest_route=\/wp\/v2\/types\/page"}],"author":[{"embeddable":true,"href":"https:\/\/skynex.pl\/index.php?rest_route=\/wp\/v2\/users\/3"}],"replies":[{"embeddable":true,"href":"https:\/\/skynex.pl\/index.php?rest_route=%2Fwp%2Fv2%2Fcomments&post=261"}],"version-history":[{"count":39,"href":"https:\/\/skynex.pl\/index.php?rest_route=\/wp\/v2\/pages\/261\/revisions"}],"predecessor-version":[{"id":630,"href":"https:\/\/skynex.pl\/index.php?rest_route=\/wp\/v2\/pages\/261\/revisions\/630"}],"wp:attachment":[{"href":"https:\/\/skynex.pl\/index.php?rest_route=%2Fwp%2Fv2%2Fmedia&parent=261"}],"curies":[{"name":"wp","href":"https:\/\/api.w.org\/{rel}","templated":true}]}}